{"id":3262,"date":"2020-11-06T13:31:05","date_gmt":"2020-11-06T10:31:05","guid":{"rendered":"https:\/\/delkomrockdrill.com\/tr\/?post_type=product&#038;p=3262"},"modified":"2021-09-13T11:16:21","modified_gmt":"2021-09-13T08:16:21","slug":"cene-lift-pistonu","status":"publish","type":"product","link":"https:\/\/delkomrockdrill.com\/tr\/e-commerce\/cene-lift-pistonu\/","title":{"rendered":"\u00c7ene Lift Pistonu"},"content":{"rendered":"","protected":false},"excerpt":{"rendered":"<p>Delkom No : 120 800 289<br \/>\nEpiroc No : 3128 3104 02<\/p>\n","protected":false},"featured_media":57179,"template":"","meta":[],"product_brand":[],"product_cat":[1770,1769],"product_tag":[],"class_list":{"0":"post-3262","1":"product","2":"type-product","3":"status-publish","4":"has-post-thumbnail","6":"product_cat-epiroc","7":"product_cat-makina-yedek-parcalari","8":"product_shipping_class-1-2-hafta","10":"first","11":"instock","12":"shipping-taxable","13":"purchasable","14":"product-type-simple"},"yoast_head":"<!-- This site is optimized with the Yoast SEO plugin v27.3 - https:\/\/yoast.com\/product\/yoast-seo-wordpress\/ -->\n<title>\u00c7ene Lift Pistonu EPIROC, Makina Yedek Par\u00e7alar\u0131<\/title>\n<meta name=\"description\" content=\"Delkom No : 120 800 289 Epiroc No : 3128 3104 02\" \/>\n<meta name=\"robots\" content=\"index, follow, max-snippet:-1, max-image-preview:large, max-video-preview:-1\" \/>\n<link rel=\"canonical\" href=\"https:\/\/delkomrockdrill.com\/tr\/e-commerce\/cene-lift-pistonu\/\" \/>\n<meta property=\"og:locale\" content=\"tr_TR\" \/>\n<meta property=\"og:type\" content=\"article\" \/>\n<meta property=\"og:title\" content=\"\u00c7ene Lift Pistonu EPIROC, Makina Yedek Par\u00e7alar\u0131\" \/>\n<meta property=\"og:description\" content=\"Delkom No : 120 800 289 Epiroc No : 3128 3104 02\" \/>\n<meta property=\"og:url\" content=\"https:\/\/delkomrockdrill.com\/tr\/e-commerce\/cene-lift-pistonu\/\" \/>\n<meta property=\"og:site_name\" content=\"Delkom Kaya Delici Yedek Par\u00e7a\" \/>\n<meta property=\"article:modified_time\" content=\"2021-09-13T08:16:21+00:00\" \/>\n<meta property=\"og:image\" content=\"https:\/\/delkomrockdrill.com\/tr\/wp-content\/uploads\/sites\/14\/2021\/09\/IMG_5872.png\" \/>\n\t<meta property=\"og:image:width\" content=\"600\" \/>\n\t<meta property=\"og:image:height\" content=\"400\" \/>\n\t<meta property=\"og:image:type\" content=\"image\/png\" \/>\n<meta name=\"twitter:card\" content=\"summary_large_image\" \/>\n<script type=\"application\/ld+json\" class=\"yoast-schema-graph\">{\"@context\":\"https:\\\/\\\/schema.org\",\"@graph\":[{\"@type\":\"WebPage\",\"@id\":\"https:\\\/\\\/delkomrockdrill.com\\\/tr\\\/e-commerce\\\/cene-lift-pistonu\\\/\",\"url\":\"https:\\\/\\\/delkomrockdrill.com\\\/tr\\\/e-commerce\\\/cene-lift-pistonu\\\/\",\"name\":\"\u00c7ene Lift Pistonu EPIROC, Makina Yedek Par\u00e7alar\u0131\",\"isPartOf\":{\"@id\":\"https:\\\/\\\/delkomrockdrill.com\\\/tr\\\/#website\"},\"primaryImageOfPage\":{\"@id\":\"https:\\\/\\\/delkomrockdrill.com\\\/tr\\\/e-commerce\\\/cene-lift-pistonu\\\/#primaryimage\"},\"image\":{\"@id\":\"https:\\\/\\\/delkomrockdrill.com\\\/tr\\\/e-commerce\\\/cene-lift-pistonu\\\/#primaryimage\"},\"thumbnailUrl\":\"https:\\\/\\\/delkomrockdrill.com\\\/tr\\\/wp-content\\\/uploads\\\/sites\\\/14\\\/2021\\\/09\\\/IMG_5872.png\",\"datePublished\":\"2020-11-06T10:31:05+00:00\",\"dateModified\":\"2021-09-13T08:16:21+00:00\",\"description\":\"Delkom No : 120 800 289 Epiroc No : 3128 3104 02\",\"breadcrumb\":{\"@id\":\"https:\\\/\\\/delkomrockdrill.com\\\/tr\\\/e-commerce\\\/cene-lift-pistonu\\\/#breadcrumb\"},\"inLanguage\":\"tr\",\"potentialAction\":[{\"@type\":\"ReadAction\",\"target\":[\"https:\\\/\\\/delkomrockdrill.com\\\/tr\\\/e-commerce\\\/cene-lift-pistonu\\\/\"]}]},{\"@type\":\"ImageObject\",\"inLanguage\":\"tr\",\"@id\":\"https:\\\/\\\/delkomrockdrill.com\\\/tr\\\/e-commerce\\\/cene-lift-pistonu\\\/#primaryimage\",\"url\":\"https:\\\/\\\/delkomrockdrill.com\\\/tr\\\/wp-content\\\/uploads\\\/sites\\\/14\\\/2021\\\/09\\\/IMG_5872.png\",\"contentUrl\":\"https:\\\/\\\/delkomrockdrill.com\\\/tr\\\/wp-content\\\/uploads\\\/sites\\\/14\\\/2021\\\/09\\\/IMG_5872.png\",\"width\":600,\"height\":400},{\"@type\":\"BreadcrumbList\",\"@id\":\"https:\\\/\\\/delkomrockdrill.com\\\/tr\\\/e-commerce\\\/cene-lift-pistonu\\\/#breadcrumb\",\"itemListElement\":[{\"@type\":\"ListItem\",\"position\":1,\"name\":\"Ana Sayfa\",\"item\":\"https:\\\/\\\/delkomrockdrill.com\\\/tr\\\/\"},{\"@type\":\"ListItem\",\"position\":2,\"name\":\"E-Ticaret\",\"item\":\"https:\\\/\\\/delkomrockdrill.com\\\/tr\\\/e-commerce\\\/\"},{\"@type\":\"ListItem\",\"position\":3,\"name\":\"\u00c7ene Lift Pistonu\"}]},{\"@type\":\"WebSite\",\"@id\":\"https:\\\/\\\/delkomrockdrill.com\\\/tr\\\/#website\",\"url\":\"https:\\\/\\\/delkomrockdrill.com\\\/tr\\\/\",\"name\":\"Delkom Kaya Delici Yedek Par\u00e7a\",\"description\":\"T\u00fcrkiyenin En Kaliteli Alternatif Kaya Delici Yedek Par\u00e7a \u00dcreticisi\",\"publisher\":{\"@id\":\"https:\\\/\\\/delkomrockdrill.com\\\/tr\\\/#organization\"},\"potentialAction\":[{\"@type\":\"SearchAction\",\"target\":{\"@type\":\"EntryPoint\",\"urlTemplate\":\"https:\\\/\\\/delkomrockdrill.com\\\/tr\\\/?s={search_term_string}\"},\"query-input\":{\"@type\":\"PropertyValueSpecification\",\"valueRequired\":true,\"valueName\":\"search_term_string\"}}],\"inLanguage\":\"tr\"},{\"@type\":\"Organization\",\"@id\":\"https:\\\/\\\/delkomrockdrill.com\\\/tr\\\/#organization\",\"name\":\"Delkom Rock Drill\",\"url\":\"https:\\\/\\\/delkomrockdrill.com\\\/tr\\\/\",\"logo\":{\"@type\":\"ImageObject\",\"inLanguage\":\"tr\",\"@id\":\"https:\\\/\\\/delkomrockdrill.com\\\/tr\\\/#\\\/schema\\\/logo\\\/image\\\/\",\"url\":\"https:\\\/\\\/delkomrockdrill.com\\\/tr\\\/wp-content\\\/uploads\\\/sites\\\/14\\\/2021\\\/06\\\/logo-white-1.png\",\"contentUrl\":\"https:\\\/\\\/delkomrockdrill.com\\\/tr\\\/wp-content\\\/uploads\\\/sites\\\/14\\\/2021\\\/06\\\/logo-white-1.png\",\"width\":300,\"height\":74,\"caption\":\"Delkom Rock Drill\"},\"image\":{\"@id\":\"https:\\\/\\\/delkomrockdrill.com\\\/tr\\\/#\\\/schema\\\/logo\\\/image\\\/\"}}]}<\/script>\n<!-- \/ Yoast SEO plugin. -->","yoast_head_json":{"title":"\u00c7ene Lift Pistonu EPIROC, Makina Yedek Par\u00e7alar\u0131","description":"Delkom No : 120 800 289 Epiroc No : 3128 3104 02","robots":{"index":"index","follow":"follow","max-snippet":"max-snippet:-1","max-image-preview":"max-image-preview:large","max-video-preview":"max-video-preview:-1"},"canonical":"https:\/\/delkomrockdrill.com\/tr\/e-commerce\/cene-lift-pistonu\/","og_locale":"tr_TR","og_type":"article","og_title":"\u00c7ene Lift Pistonu EPIROC, Makina Yedek Par\u00e7alar\u0131","og_description":"Delkom No : 120 800 289 Epiroc No : 3128 3104 02","og_url":"https:\/\/delkomrockdrill.com\/tr\/e-commerce\/cene-lift-pistonu\/","og_site_name":"Delkom Kaya Delici Yedek Par\u00e7a","article_modified_time":"2021-09-13T08:16:21+00:00","og_image":[{"width":600,"height":400,"url":"https:\/\/delkomrockdrill.com\/tr\/wp-content\/uploads\/sites\/14\/2021\/09\/IMG_5872.png","type":"image\/png"}],"twitter_card":"summary_large_image","schema":{"@context":"https:\/\/schema.org","@graph":[{"@type":"WebPage","@id":"https:\/\/delkomrockdrill.com\/tr\/e-commerce\/cene-lift-pistonu\/","url":"https:\/\/delkomrockdrill.com\/tr\/e-commerce\/cene-lift-pistonu\/","name":"\u00c7ene Lift Pistonu EPIROC, Makina Yedek Par\u00e7alar\u0131","isPartOf":{"@id":"https:\/\/delkomrockdrill.com\/tr\/#website"},"primaryImageOfPage":{"@id":"https:\/\/delkomrockdrill.com\/tr\/e-commerce\/cene-lift-pistonu\/#primaryimage"},"image":{"@id":"https:\/\/delkomrockdrill.com\/tr\/e-commerce\/cene-lift-pistonu\/#primaryimage"},"thumbnailUrl":"https:\/\/delkomrockdrill.com\/tr\/wp-content\/uploads\/sites\/14\/2021\/09\/IMG_5872.png","datePublished":"2020-11-06T10:31:05+00:00","dateModified":"2021-09-13T08:16:21+00:00","description":"Delkom No : 120 800 289 Epiroc No : 3128 3104 02","breadcrumb":{"@id":"https:\/\/delkomrockdrill.com\/tr\/e-commerce\/cene-lift-pistonu\/#breadcrumb"},"inLanguage":"tr","potentialAction":[{"@type":"ReadAction","target":["https:\/\/delkomrockdrill.com\/tr\/e-commerce\/cene-lift-pistonu\/"]}]},{"@type":"ImageObject","inLanguage":"tr","@id":"https:\/\/delkomrockdrill.com\/tr\/e-commerce\/cene-lift-pistonu\/#primaryimage","url":"https:\/\/delkomrockdrill.com\/tr\/wp-content\/uploads\/sites\/14\/2021\/09\/IMG_5872.png","contentUrl":"https:\/\/delkomrockdrill.com\/tr\/wp-content\/uploads\/sites\/14\/2021\/09\/IMG_5872.png","width":600,"height":400},{"@type":"BreadcrumbList","@id":"https:\/\/delkomrockdrill.com\/tr\/e-commerce\/cene-lift-pistonu\/#breadcrumb","itemListElement":[{"@type":"ListItem","position":1,"name":"Ana Sayfa","item":"https:\/\/delkomrockdrill.com\/tr\/"},{"@type":"ListItem","position":2,"name":"E-Ticaret","item":"https:\/\/delkomrockdrill.com\/tr\/e-commerce\/"},{"@type":"ListItem","position":3,"name":"\u00c7ene Lift Pistonu"}]},{"@type":"WebSite","@id":"https:\/\/delkomrockdrill.com\/tr\/#website","url":"https:\/\/delkomrockdrill.com\/tr\/","name":"Delkom Kaya Delici Yedek Par\u00e7a","description":"T\u00fcrkiyenin En Kaliteli Alternatif Kaya Delici Yedek Par\u00e7a \u00dcreticisi","publisher":{"@id":"https:\/\/delkomrockdrill.com\/tr\/#organization"},"potentialAction":[{"@type":"SearchAction","target":{"@type":"EntryPoint","urlTemplate":"https:\/\/delkomrockdrill.com\/tr\/?s={search_term_string}"},"query-input":{"@type":"PropertyValueSpecification","valueRequired":true,"valueName":"search_term_string"}}],"inLanguage":"tr"},{"@type":"Organization","@id":"https:\/\/delkomrockdrill.com\/tr\/#organization","name":"Delkom Rock Drill","url":"https:\/\/delkomrockdrill.com\/tr\/","logo":{"@type":"ImageObject","inLanguage":"tr","@id":"https:\/\/delkomrockdrill.com\/tr\/#\/schema\/logo\/image\/","url":"https:\/\/delkomrockdrill.com\/tr\/wp-content\/uploads\/sites\/14\/2021\/06\/logo-white-1.png","contentUrl":"https:\/\/delkomrockdrill.com\/tr\/wp-content\/uploads\/sites\/14\/2021\/06\/logo-white-1.png","width":300,"height":74,"caption":"Delkom Rock Drill"},"image":{"@id":"https:\/\/delkomrockdrill.com\/tr\/#\/schema\/logo\/image\/"}}]}},"acf":[],"_links":{"self":[{"href":"https:\/\/delkomrockdrill.com\/tr\/wp-json\/wp\/v2\/product\/3262","targetHints":{"allow":["GET"]}}],"collection":[{"href":"https:\/\/delkomrockdrill.com\/tr\/wp-json\/wp\/v2\/product"}],"about":[{"href":"https:\/\/delkomrockdrill.com\/tr\/wp-json\/wp\/v2\/types\/product"}],"wp:featuredmedia":[{"embeddable":true,"href":"https:\/\/delkomrockdrill.com\/tr\/wp-json\/wp\/v2\/media\/57179"}],"wp:attachment":[{"href":"https:\/\/delkomrockdrill.com\/tr\/wp-json\/wp\/v2\/media?parent=3262"}],"wp:term":[{"taxonomy":"product_brand","embeddable":true,"href":"https:\/\/delkomrockdrill.com\/tr\/wp-json\/wp\/v2\/product_brand?post=3262"},{"taxonomy":"product_cat","embeddable":true,"href":"https:\/\/delkomrockdrill.com\/tr\/wp-json\/wp\/v2\/product_cat?post=3262"},{"taxonomy":"product_tag","embeddable":true,"href":"https:\/\/delkomrockdrill.com\/tr\/wp-json\/wp\/v2\/product_tag?post=3262"}],"curies":[{"name":"wp","href":"https:\/\/api.w.org\/{rel}","templated":true}]}}