{"id":60693,"date":"2022-04-04T13:52:26","date_gmt":"2022-04-04T10:52:26","guid":{"rendered":"https:\/\/delkomrockdrill.com\/tr\/?page_id=60693"},"modified":"2022-04-04T13:58:00","modified_gmt":"2022-04-04T10:58:00","slug":"compressor-spare-parts-video","status":"publish","type":"page","link":"https:\/\/delkomrockdrill.com\/tr\/spare-parts-videos__trashed\/compressor-spare-parts-video\/","title":{"rendered":"Kompres\u00f6r Yedek Par\u00e7alar\u0131"},"content":{"rendered":"","protected":false},"excerpt":{"rendered":"","protected":false},"author":1,"featured_media":0,"parent":23763,"menu_order":0,"comment_status":"closed","ping_status":"closed","template":"page-templates\/single-video.php","meta":{"footnotes":""},"class_list":["post-60693","page","type-page","status-publish","hentry"],"yoast_head":"<!-- This site is optimized with the Yoast SEO plugin v27.3 - https:\/\/yoast.com\/product\/yoast-seo-wordpress\/ -->\n<title>Kompres\u00f6r Yedek Par\u00e7alar\u0131 - Delkom Kaya Delici Yedek Par\u00e7a<\/title>\n<meta name=\"robots\" content=\"index, follow, max-snippet:-1, max-image-preview:large, max-video-preview:-1\" \/>\n<link rel=\"canonical\" href=\"https:\/\/delkomrockdrill.com\/tr\/spare-parts-videos__trashed\/compressor-spare-parts-video\/\" \/>\n<meta property=\"og:locale\" content=\"tr_TR\" \/>\n<meta property=\"og:type\" content=\"article\" \/>\n<meta property=\"og:title\" content=\"Kompres\u00f6r Yedek Par\u00e7alar\u0131 - Delkom Kaya Delici Yedek Par\u00e7a\" \/>\n<meta property=\"og:url\" content=\"https:\/\/delkomrockdrill.com\/tr\/spare-parts-videos__trashed\/compressor-spare-parts-video\/\" \/>\n<meta property=\"og:site_name\" content=\"Delkom Kaya Delici Yedek Par\u00e7a\" \/>\n<meta property=\"article:modified_time\" content=\"2022-04-04T10:58:00+00:00\" \/>\n<meta name=\"twitter:card\" content=\"summary_large_image\" \/>\n<script type=\"application\/ld+json\" class=\"yoast-schema-graph\">{\"@context\":\"https:\\\/\\\/schema.org\",\"@graph\":[{\"@type\":\"WebPage\",\"@id\":\"https:\\\/\\\/delkomrockdrill.com\\\/tr\\\/spare-parts-videos__trashed\\\/compressor-spare-parts-video\\\/\",\"url\":\"https:\\\/\\\/delkomrockdrill.com\\\/tr\\\/spare-parts-videos__trashed\\\/compressor-spare-parts-video\\\/\",\"name\":\"Kompres\u00f6r Yedek Par\u00e7alar\u0131 - Delkom Kaya Delici Yedek Par\u00e7a\",\"isPartOf\":{\"@id\":\"https:\\\/\\\/delkomrockdrill.com\\\/tr\\\/#website\"},\"datePublished\":\"2022-04-04T10:52:26+00:00\",\"dateModified\":\"2022-04-04T10:58:00+00:00\",\"breadcrumb\":{\"@id\":\"https:\\\/\\\/delkomrockdrill.com\\\/tr\\\/spare-parts-videos__trashed\\\/compressor-spare-parts-video\\\/#breadcrumb\"},\"inLanguage\":\"tr\",\"potentialAction\":[{\"@type\":\"ReadAction\",\"target\":[\"https:\\\/\\\/delkomrockdrill.com\\\/tr\\\/spare-parts-videos__trashed\\\/compressor-spare-parts-video\\\/\"]}]},{\"@type\":\"BreadcrumbList\",\"@id\":\"https:\\\/\\\/delkomrockdrill.com\\\/tr\\\/spare-parts-videos__trashed\\\/compressor-spare-parts-video\\\/#breadcrumb\",\"itemListElement\":[{\"@type\":\"ListItem\",\"position\":1,\"name\":\"Ana Sayfa\",\"item\":\"https:\\\/\\\/delkomrockdrill.com\\\/tr\\\/\"},{\"@type\":\"ListItem\",\"position\":2,\"name\":\"Yedek Par\u00e7a Videolar\u0131\",\"item\":\"https:\\\/\\\/delkomrockdrill.com\\\/tr\\\/?page_id=23763\"},{\"@type\":\"ListItem\",\"position\":3,\"name\":\"Kompres\u00f6r Yedek Par\u00e7alar\u0131\"}]},{\"@type\":\"WebSite\",\"@id\":\"https:\\\/\\\/delkomrockdrill.com\\\/tr\\\/#website\",\"url\":\"https:\\\/\\\/delkomrockdrill.com\\\/tr\\\/\",\"name\":\"Delkom Kaya Delici Yedek Par\u00e7a\",\"description\":\"T\u00fcrkiyenin En Kaliteli Alternatif Kaya Delici Yedek Par\u00e7a \u00dcreticisi\",\"publisher\":{\"@id\":\"https:\\\/\\\/delkomrockdrill.com\\\/tr\\\/#organization\"},\"potentialAction\":[{\"@type\":\"SearchAction\",\"target\":{\"@type\":\"EntryPoint\",\"urlTemplate\":\"https:\\\/\\\/delkomrockdrill.com\\\/tr\\\/?s={search_term_string}\"},\"query-input\":{\"@type\":\"PropertyValueSpecification\",\"valueRequired\":true,\"valueName\":\"search_term_string\"}}],\"inLanguage\":\"tr\"},{\"@type\":\"Organization\",\"@id\":\"https:\\\/\\\/delkomrockdrill.com\\\/tr\\\/#organization\",\"name\":\"Delkom Rock Drill\",\"url\":\"https:\\\/\\\/delkomrockdrill.com\\\/tr\\\/\",\"logo\":{\"@type\":\"ImageObject\",\"inLanguage\":\"tr\",\"@id\":\"https:\\\/\\\/delkomrockdrill.com\\\/tr\\\/#\\\/schema\\\/logo\\\/image\\\/\",\"url\":\"https:\\\/\\\/delkomrockdrill.com\\\/tr\\\/wp-content\\\/uploads\\\/sites\\\/14\\\/2021\\\/06\\\/logo-white-1.png\",\"contentUrl\":\"https:\\\/\\\/delkomrockdrill.com\\\/tr\\\/wp-content\\\/uploads\\\/sites\\\/14\\\/2021\\\/06\\\/logo-white-1.png\",\"width\":300,\"height\":74,\"caption\":\"Delkom Rock Drill\"},\"image\":{\"@id\":\"https:\\\/\\\/delkomrockdrill.com\\\/tr\\\/#\\\/schema\\\/logo\\\/image\\\/\"}}]}<\/script>\n<!-- \/ Yoast SEO plugin. -->","yoast_head_json":{"title":"Kompres\u00f6r Yedek Par\u00e7alar\u0131 - Delkom Kaya Delici Yedek Par\u00e7a","robots":{"index":"index","follow":"follow","max-snippet":"max-snippet:-1","max-image-preview":"max-image-preview:large","max-video-preview":"max-video-preview:-1"},"canonical":"https:\/\/delkomrockdrill.com\/tr\/spare-parts-videos__trashed\/compressor-spare-parts-video\/","og_locale":"tr_TR","og_type":"article","og_title":"Kompres\u00f6r Yedek Par\u00e7alar\u0131 - Delkom Kaya Delici Yedek Par\u00e7a","og_url":"https:\/\/delkomrockdrill.com\/tr\/spare-parts-videos__trashed\/compressor-spare-parts-video\/","og_site_name":"Delkom Kaya Delici Yedek Par\u00e7a","article_modified_time":"2022-04-04T10:58:00+00:00","twitter_card":"summary_large_image","schema":{"@context":"https:\/\/schema.org","@graph":[{"@type":"WebPage","@id":"https:\/\/delkomrockdrill.com\/tr\/spare-parts-videos__trashed\/compressor-spare-parts-video\/","url":"https:\/\/delkomrockdrill.com\/tr\/spare-parts-videos__trashed\/compressor-spare-parts-video\/","name":"Kompres\u00f6r Yedek Par\u00e7alar\u0131 - Delkom Kaya Delici Yedek Par\u00e7a","isPartOf":{"@id":"https:\/\/delkomrockdrill.com\/tr\/#website"},"datePublished":"2022-04-04T10:52:26+00:00","dateModified":"2022-04-04T10:58:00+00:00","breadcrumb":{"@id":"https:\/\/delkomrockdrill.com\/tr\/spare-parts-videos__trashed\/compressor-spare-parts-video\/#breadcrumb"},"inLanguage":"tr","potentialAction":[{"@type":"ReadAction","target":["https:\/\/delkomrockdrill.com\/tr\/spare-parts-videos__trashed\/compressor-spare-parts-video\/"]}]},{"@type":"BreadcrumbList","@id":"https:\/\/delkomrockdrill.com\/tr\/spare-parts-videos__trashed\/compressor-spare-parts-video\/#breadcrumb","itemListElement":[{"@type":"ListItem","position":1,"name":"Ana Sayfa","item":"https:\/\/delkomrockdrill.com\/tr\/"},{"@type":"ListItem","position":2,"name":"Yedek Par\u00e7a Videolar\u0131","item":"https:\/\/delkomrockdrill.com\/tr\/?page_id=23763"},{"@type":"ListItem","position":3,"name":"Kompres\u00f6r Yedek Par\u00e7alar\u0131"}]},{"@type":"WebSite","@id":"https:\/\/delkomrockdrill.com\/tr\/#website","url":"https:\/\/delkomrockdrill.com\/tr\/","name":"Delkom Kaya Delici Yedek Par\u00e7a","description":"T\u00fcrkiyenin En Kaliteli Alternatif Kaya Delici Yedek Par\u00e7a \u00dcreticisi","publisher":{"@id":"https:\/\/delkomrockdrill.com\/tr\/#organization"},"potentialAction":[{"@type":"SearchAction","target":{"@type":"EntryPoint","urlTemplate":"https:\/\/delkomrockdrill.com\/tr\/?s={search_term_string}"},"query-input":{"@type":"PropertyValueSpecification","valueRequired":true,"valueName":"search_term_string"}}],"inLanguage":"tr"},{"@type":"Organization","@id":"https:\/\/delkomrockdrill.com\/tr\/#organization","name":"Delkom Rock Drill","url":"https:\/\/delkomrockdrill.com\/tr\/","logo":{"@type":"ImageObject","inLanguage":"tr","@id":"https:\/\/delkomrockdrill.com\/tr\/#\/schema\/logo\/image\/","url":"https:\/\/delkomrockdrill.com\/tr\/wp-content\/uploads\/sites\/14\/2021\/06\/logo-white-1.png","contentUrl":"https:\/\/delkomrockdrill.com\/tr\/wp-content\/uploads\/sites\/14\/2021\/06\/logo-white-1.png","width":300,"height":74,"caption":"Delkom Rock Drill"},"image":{"@id":"https:\/\/delkomrockdrill.com\/tr\/#\/schema\/logo\/image\/"}}]}},"acf":[],"_links":{"self":[{"href":"https:\/\/delkomrockdrill.com\/tr\/wp-json\/wp\/v2\/pages\/60693","targetHints":{"allow":["GET"]}}],"collection":[{"href":"https:\/\/delkomrockdrill.com\/tr\/wp-json\/wp\/v2\/pages"}],"about":[{"href":"https:\/\/delkomrockdrill.com\/tr\/wp-json\/wp\/v2\/types\/page"}],"author":[{"embeddable":true,"href":"https:\/\/delkomrockdrill.com\/tr\/wp-json\/wp\/v2\/users\/1"}],"replies":[{"embeddable":true,"href":"https:\/\/delkomrockdrill.com\/tr\/wp-json\/wp\/v2\/comments?post=60693"}],"version-history":[{"count":0,"href":"https:\/\/delkomrockdrill.com\/tr\/wp-json\/wp\/v2\/pages\/60693\/revisions"}],"up":[{"embeddable":true,"href":"https:\/\/delkomrockdrill.com\/tr\/wp-json\/wp\/v2\/pages\/23763"}],"wp:attachment":[{"href":"https:\/\/delkomrockdrill.com\/tr\/wp-json\/wp\/v2\/media?parent=60693"}],"curies":[{"name":"wp","href":"https:\/\/api.w.org\/{rel}","templated":true}]}}