{"id":36431,"date":"2021-07-28T11:03:58","date_gmt":"2021-07-28T08:03:58","guid":{"rendered":"https:\/\/rockdrillspareparts.com\/tr-tr\/?page_id=36419"},"modified":"2021-09-17T11:21:31","modified_gmt":"2021-09-17T08:21:31","slug":"request-a-quote","status":"publish","type":"page","link":"https:\/\/delkomrockdrill.com\/tr\/request-a-quote\/","title":{"rendered":"Teklif Talebi"},"content":{"rendered":"<div data-elementor-type=\"wp-page\" data-elementor-id=\"36431\" class=\"elementor elementor-36431\">\n\t\t\t\t\t\t<div class=\"elementor-inner\">\n\t\t\t\t<div class=\"elementor-section-wrap\">\n\t\t\t\t\t\t\t\t\t<section class=\"elementor-section elementor-top-section elementor-element elementor-element-095ad32 elementor-section-boxed elementor-section-height-default elementor-section-height-default\" data-id=\"095ad32\" data-element_type=\"section\">\n\t\t\t\t\t\t<div class=\"elementor-container elementor-column-gap-default\">\n\t\t\t\t\t\t\t<div class=\"elementor-row\">\n\t\t\t\t\t<div class=\"elementor-column elementor-col-100 elementor-top-column elementor-element elementor-element-0457661\" data-id=\"0457661\" data-element_type=\"column\">\n\t\t\t<div class=\"elementor-column-wrap\">\n\t\t\t\t\t\t\t<div class=\"elementor-widget-wrap\">\n\t\t\t\t\t\t\t\t<\/div>\n\t\t\t\t\t<\/div>\n\t\t<\/div>\n\t\t\t\t\t\t\t\t<\/div>\n\t\t\t\t\t<\/div>\n\t\t<\/section>\n\t\t\t\t<section class=\"elementor-section elementor-top-section elementor-element elementor-element-b211718 elementor-section-stretched elementor-section-boxed elementor-section-height-default elementor-section-height-default\" data-id=\"b211718\" data-element_type=\"section\" data-settings=\"{&quot;stretch_section&quot;:&quot;section-stretched&quot;}\">\n\t\t\t\t\t\t<div class=\"elementor-container elementor-column-gap-no\">\n\t\t\t\t\t\t\t<div class=\"elementor-row\">\n\t\t\t\t\t<div class=\"elementor-column elementor-col-100 elementor-top-column elementor-element elementor-element-04d6c0a\" data-id=\"04d6c0a\" data-element_type=\"column\">\n\t\t\t<div class=\"elementor-column-wrap elementor-element-populated\">\n\t\t\t\t\t\t\t<div class=\"elementor-widget-wrap\">\n\t\t\t\t\t\t<section class=\"elementor-section elementor-inner-section elementor-element elementor-element-ec6a91c elementor-section-content-middle elementor-section-boxed elementor-section-height-default elementor-section-height-default\" data-id=\"ec6a91c\" data-element_type=\"section\">\n\t\t\t\t\t\t<div class=\"elementor-container elementor-column-gap-extended\">\n\t\t\t\t\t\t\t<div class=\"elementor-row\">\n\t\t\t\t\t<div class=\"elementor-column elementor-col-50 elementor-inner-column elementor-element elementor-element-a8ca4bc\" data-id=\"a8ca4bc\" data-element_type=\"column\">\n\t\t\t<div class=\"elementor-column-wrap elementor-element-populated\">\n\t\t\t\t\t\t\t<div class=\"elementor-widget-wrap\">\n\t\t\t\t\t\t<div class=\"elementor-element elementor-element-87c8349 elementor-widget elementor-widget-image\" data-id=\"87c8349\" data-element_type=\"widget\" data-widget_type=\"image.default\">\n\t\t\t\t<div class=\"elementor-widget-container\">\n\t\t\t<style>\/*! elementor - v3.8.1 - 13-11-2022 *\/\n.elementor-widget-image{text-align:center}.elementor-widget-image a{display:inline-block}.elementor-widget-image a img[src$=\".svg\"]{width:48px}.elementor-widget-image img{vertical-align:middle;display:inline-block}<\/style>\t\t\t\t\t<div class=\"elementor-image\">\n\t\t\t\t\t\t\t\t\t\t\t\t<noscript><img decoding=\"async\" src=\"https:\/\/rockdrillspareparts.com\/tr-tr\/wp-content\/uploads\/sites\/13\/2021\/07\/delkom-logo.png\" title alt><\/noscript><img decoding=\"async\" src=\"data:image\/gif;base64,R0lGODlhAQABAIAAAAAAAP\/\/\/yH5BAEAAAAALAAAAAABAAEAAAIBRAA7\" title alt data-src=\"https:\/\/rockdrillspareparts.com\/tr-tr\/wp-content\/uploads\/sites\/13\/2021\/07\/delkom-logo.png\" class=\" lazyload\">\t\t\t\t\t\t\t\t\t\t\t\t\t\t<\/div>\n\t\t\t\t\t\t<\/div>\n\t\t\t\t<\/div>\n\t\t\t\t<div class=\"elementor-element elementor-element-0607064 elementor-widget elementor-widget-text-editor\" data-id=\"0607064\" data-element_type=\"widget\" data-widget_type=\"text-editor.default\">\n\t\t\t\t<div class=\"elementor-widget-container\">\n\t\t\t<style>\/*! elementor - v3.8.1 - 13-11-2022 *\/\n.elementor-widget-text-editor.elementor-drop-cap-view-stacked .elementor-drop-cap{background-color:#818a91;color:#fff}.elementor-widget-text-editor.elementor-drop-cap-view-framed .elementor-drop-cap{color:#818a91;border:3px solid;background-color:transparent}.elementor-widget-text-editor:not(.elementor-drop-cap-view-default) .elementor-drop-cap{margin-top:8px}.elementor-widget-text-editor:not(.elementor-drop-cap-view-default) .elementor-drop-cap-letter{width:1em;height:1em}.elementor-widget-text-editor .elementor-drop-cap{float:left;text-align:center;line-height:1;font-size:50px}.elementor-widget-text-editor .elementor-drop-cap-letter{display:inline-block}<\/style>\t\t\t\t\t<div class=\"elementor-text-editor elementor-clearfix\">\n\t\t\t\tUzay \u00c7a\u011f\u0131 Cd. No:70, 06374 Ostim OSB\nYenimahalle\/ANKARA\/T\u00dcRK\u0130YE\n\n\t\t\t\t\t<\/div>\n\t\t\t\t\t\t<\/div>\n\t\t\t\t<\/div>\n\t\t\t\t\t\t<\/div>\n\t\t\t\t\t<\/div>\n\t\t<\/div>\n\t\t\t\t<div class=\"elementor-column elementor-col-50 elementor-inner-column elementor-element elementor-element-46b3475\" data-id=\"46b3475\" data-element_type=\"column\">\n\t\t\t<div class=\"elementor-column-wrap elementor-element-populated\">\n\t\t\t\t\t\t\t<div class=\"elementor-widget-wrap\">\n\t\t\t\t\t\t<div class=\"elementor-element elementor-element-9c62a06 elementor-widget elementor-widget-heading\" data-id=\"9c62a06\" data-element_type=\"widget\" data-widget_type=\"heading.default\">\n\t\t\t\t<div class=\"elementor-widget-container\">\n\t\t\t<style>\/*! elementor - v3.8.1 - 13-11-2022 *\/\n.elementor-heading-title{padding:0;margin:0;line-height:1}.elementor-widget-heading .elementor-heading-title[class*=elementor-size-]>a{color:inherit;font-size:inherit;line-height:inherit}.elementor-widget-heading .elementor-heading-title.elementor-size-small{font-size:15px}.elementor-widget-heading .elementor-heading-title.elementor-size-medium{font-size:19px}.elementor-widget-heading .elementor-heading-title.elementor-size-large{font-size:29px}.elementor-widget-heading .elementor-heading-title.elementor-size-xl{font-size:39px}.elementor-widget-heading .elementor-heading-title.elementor-size-xxl{font-size:59px}<\/style><h2 class=\"elementor-heading-title elementor-size-default\">Sipari\u015f Ko\u015fullar\u0131<\/h2>\t\t<\/div>\n\t\t\t\t<\/div>\n\t\t\t\t<div class=\"elementor-element elementor-element-5cbbf07 elementor-widget elementor-widget-text-editor\" data-id=\"5cbbf07\" data-element_type=\"widget\" data-widget_type=\"text-editor.default\">\n\t\t\t\t<div class=\"elementor-widget-container\">\n\t\t\t\t\t\t\t\t<div class=\"elementor-text-editor elementor-clearfix\">\n\t\t\t\t<p>Par\u00e7a listesinizi ve adetlerinizi kontrol ettikten sonra <strong><a href=\"#request-form\">sipari\u015f formu<\/a><\/strong> \u00fczerinden listenizi bize ula\u015ft\u0131rabilirsiniz. Temsilcimiz, teklifimizi en k\u0131sa s\u00fcrede size ula\u015ft\u0131racakt\u0131r.<\/p>\t\t\t\t\t<\/div>\n\t\t\t\t\t\t<\/div>\n\t\t\t\t<\/div>\n\t\t\t\t\t\t<\/div>\n\t\t\t\t\t<\/div>\n\t\t<\/div>\n\t\t\t\t\t\t\t\t<\/div>\n\t\t\t\t\t<\/div>\n\t\t<\/section>\n\t\t\t\t<div class=\"elementor-element elementor-element-a986ac3 elementor-widget elementor-widget-shortcode\" data-id=\"a986ac3\" data-element_type=\"widget\" data-widget_type=\"shortcode.default\">\n\t\t\t\t<div class=\"elementor-widget-container\">\n\t\t\t\t\t<div class=\"elementor-shortcode\">\n<div class=\"woocommerce ywraq-wrapper\">\n\n\t\t\t<div id=\"yith-ywraq-message\"><div class=\"ywraq-question-message\">\n\t<\/div>\n<\/div>\n\t\t\n\t\t\t\t<div class=\"ywraq-form-table-wrapper \">\n\t\t\t\n<p class=\"ywraq_list_empty_message\">Teklif sepetiniz bo\u015f. &quot;Al\u0131\u015fveri\u015fe Devam Et&quot; butonu ile \u00fcr\u00fcnleri g\u00f6rebilir, par\u00e7a numaras\u0131 arayabilir ve sepetinize ekleyebilirsiniz<\/p><p><\/p><p class=\"return-to-shop\"><a class=\"button wc-backward\" href=\"\/tr\/e-commerce\/\">Al\u0131\u015fveri\u015fe Devam Et<\/a><\/p>\n\t\t\t\t\t<\/div>\n\t<\/div>\n<\/div>\n\t\t\t\t<\/div>\n\t\t\t\t<\/div>\n\t\t\t\t\t\t<\/div>\n\t\t\t\t\t<\/div>\n\t\t<\/div>\n\t\t\t\t\t\t\t\t<\/div>\n\t\t\t\t\t<\/div>\n\t\t<\/section>\n\t\t\t\t<section class=\"elementor-section elementor-top-section elementor-element elementor-element-aa7ad01 elementor-section-full_width elementor-section-height-default elementor-section-height-default\" data-id=\"aa7ad01\" data-element_type=\"section\">\n\t\t\t\t\t\t\t<div class=\"elementor-background-overlay\"><\/div>\n\t\t\t\t\t\t\t<div class=\"elementor-container elementor-column-gap-default\">\n\t\t\t\t\t\t\t<div class=\"elementor-row\">\n\t\t\t\t\t<div class=\"elementor-column elementor-col-100 elementor-top-column elementor-element elementor-element-e1abf81\" data-id=\"e1abf81\" data-element_type=\"column\">\n\t\t\t<div class=\"elementor-column-wrap elementor-element-populated\">\n\t\t\t\t\t\t\t<div class=\"elementor-widget-wrap\">\n\t\t\t\t\t\t<section class=\"elementor-section elementor-inner-section elementor-element elementor-element-4bb3bfd elementor-section-full_width elementor-section-height-default elementor-section-height-default\" data-id=\"4bb3bfd\" data-element_type=\"section\">\n\t\t\t\t\t\t\t<div class=\"elementor-background-overlay\"><\/div>\n\t\t\t\t\t\t\t<div class=\"elementor-container elementor-column-gap-extended\">\n\t\t\t\t\t\t\t<div class=\"elementor-row\">\n\t\t\t\t\t<div class=\"elementor-column elementor-col-50 elementor-inner-column elementor-element elementor-element-15afa0d\" data-id=\"15afa0d\" data-element_type=\"column\">\n\t\t\t<div class=\"elementor-column-wrap elementor-element-populated\">\n\t\t\t\t\t\t\t<div class=\"elementor-widget-wrap\">\n\t\t\t\t\t\t<div class=\"elementor-element elementor-element-1d4300c elementor-widget elementor-widget-image\" data-id=\"1d4300c\" data-element_type=\"widget\" data-widget_type=\"image.default\">\n\t\t\t\t<div class=\"elementor-widget-container\">\n\t\t\t\t\t\t\t\t<div class=\"elementor-image\">\n\t\t\t\t\t\t\t\t\t\t\t\t<noscript><img decoding=\"async\" src=\"https:\/\/rockdrillspareparts.com\/tr-tr\/wp-content\/uploads\/sites\/13\/2021\/08\/guarantee-icon-large.png\" title alt><\/noscript><img decoding=\"async\" src=\"data:image\/gif;base64,R0lGODlhAQABAIAAAAAAAP\/\/\/yH5BAEAAAAALAAAAAABAAEAAAIBRAA7\" title alt data-src=\"https:\/\/rockdrillspareparts.com\/tr-tr\/wp-content\/uploads\/sites\/13\/2021\/08\/guarantee-icon-large.png\" class=\" lazyload\">\t\t\t\t\t\t\t\t\t\t\t\t\t\t<\/div>\n\t\t\t\t\t\t<\/div>\n\t\t\t\t<\/div>\n\t\t\t\t\t\t<\/div>\n\t\t\t\t\t<\/div>\n\t\t<\/div>\n\t\t\t\t<div class=\"elementor-column elementor-col-50 elementor-inner-column elementor-element elementor-element-b9b1e3c\" data-id=\"b9b1e3c\" data-element_type=\"column\">\n\t\t\t<div class=\"elementor-column-wrap elementor-element-populated\">\n\t\t\t\t\t\t\t<div class=\"elementor-widget-wrap\">\n\t\t\t\t\t\t<div class=\"elementor-element elementor-element-1aa4285 elementor-widget__width-auto elementor-widget elementor-widget-heading\" data-id=\"1aa4285\" data-element_type=\"widget\" data-widget_type=\"heading.default\">\n\t\t\t\t<div class=\"elementor-widget-container\">\n\t\t\t<h2 class=\"elementor-heading-title elementor-size-default\">Garanti Ko\u015fullar\u0131<\/h2>\t\t<\/div>\n\t\t\t\t<\/div>\n\t\t\t\t<div class=\"elementor-element elementor-element-4b79380 elementor-widget elementor-widget-text-editor\" data-id=\"4b79380\" data-element_type=\"widget\" data-widget_type=\"text-editor.default\">\n\t\t\t\t<div class=\"elementor-widget-container\">\n\t\t\t\t\t\t\t\t<div class=\"elementor-text-editor elementor-clearfix\">\n\t\t\t\t<p>Delkom fabrikalar\u0131nda \u00fcretilen t\u00fcm \u00fcr\u00fcnler Delkom A.\u015e. garantisi alt\u0131ndad\u0131r. Sat\u0131\u015f sonras\u0131 destek ve \u00fcr\u00fcn memnuniyet garantisi Delkom A.\u015e. taraf\u0131ndan sa\u011flanmaktad\u0131r. \u00dcr\u00fcnler, k\u0131r\u0131lmalara kar\u015f\u0131 6 ay garanti kapsam\u0131ndad\u0131r. Sat\u0131n ald\u0131\u011f\u0131n\u0131z \u00fcr\u00fcnlerin garanti kapsam\u0131ndan \u00e7\u0131kmamas\u0131 i\u00e7in Delkom A.\u015e. d\u0131\u015f\u0131ndaki \u00fc\u00e7\u00fcnc\u00fc \u015fah\u0131s ve kurumlar\u0131n \u00fcr\u00fcnlere herhangi bir \u015fekilde m\u00fcdahalede bulunmamalar\u0131, onarma vb. i\u015flemleri yapmamalar\u0131 gerekmektedir. \u00dczerinde de\u011fi\u015fiklik ya da tahribat yap\u0131lan \u00fcr\u00fcnler ile m\u00fc\u015fterinin kusuru sebebi ile saklama ko\u015fullar\u0131ndan dolay\u0131 veya kullan\u0131c\u0131 hatalar\u0131ndan dolay\u0131 bozulan \u00fcr\u00fcnler garanti kapsam\u0131 d\u0131\u015f\u0131nda tutulacakt\u0131r.<\/p>\t\t\t\t\t<\/div>\n\t\t\t\t\t\t<\/div>\n\t\t\t\t<\/div>\n\t\t\t\t\t\t<\/div>\n\t\t\t\t\t<\/div>\n\t\t<\/div>\n\t\t\t\t\t\t\t\t<\/div>\n\t\t\t\t\t<\/div>\n\t\t<\/section>\n\t\t\t\t\t\t<\/div>\n\t\t\t\t\t<\/div>\n\t\t<\/div>\n\t\t\t\t\t\t\t\t<\/div>\n\t\t\t\t\t<\/div>\n\t\t<\/section>\n\t\t\t\t\t\t\t\t\t<\/div>\n\t\t\t<\/div>\n\t\t\t\t\t<\/div>\n\t\t","protected":false},"excerpt":{"rendered":"<p>Uzay \u00c7a\u011f\u0131 Cd. No:70, 06374 Ostim OSB Yenimahalle\/ANKARA\/T\u00dcRK\u0130YE Sipari\u015f Ko\u015fullar\u0131 Par\u00e7a listesinizi ve adetlerinizi kontrol ettikten sonra sipari\u015f formu \u00fczerinden listenizi bize ula\u015ft\u0131rabilirsiniz. Temsilcimiz, teklifimizi en k\u0131sa s\u00fcrede size ula\u015ft\u0131racakt\u0131r. Garanti Ko\u015fullar\u0131 Delkom fabrikalar\u0131nda \u00fcretilen t\u00fcm \u00fcr\u00fcnler Delkom A.\u015e. garantisi alt\u0131ndad\u0131r. Sat\u0131\u015f sonras\u0131 destek ve \u00fcr\u00fcn memnuniyet garantisi Delkom A.\u015e. taraf\u0131ndan sa\u011flanmaktad\u0131r. \u00dcr\u00fcnler, k\u0131r\u0131lmalara kar\u015f\u0131 [&hellip;]<\/p>\n","protected":false},"author":1,"featured_media":0,"parent":0,"menu_order":0,"comment_status":"closed","ping_status":"closed","template":"","meta":{"footnotes":""},"class_list":["post-36431","page","type-page","status-publish","hentry"],"yoast_head":"<!-- This site is optimized with the Yoast SEO plugin v27.3 - https:\/\/yoast.com\/product\/yoast-seo-wordpress\/ -->\n<title>Teklif Talebi - Delkom Kaya Delici Yedek Par\u00e7a<\/title>\n<meta name=\"robots\" content=\"noindex, follow\" \/>\n<meta property=\"og:locale\" content=\"tr_TR\" \/>\n<meta property=\"og:type\" content=\"article\" \/>\n<meta property=\"og:title\" content=\"Teklif Talebi - Delkom Kaya Delici Yedek Par\u00e7a\" \/>\n<meta property=\"og:description\" content=\"Uzay \u00c7a\u011f\u0131 Cd. No:70, 06374 Ostim OSB Yenimahalle\/ANKARA\/T\u00dcRK\u0130YE Sipari\u015f Ko\u015fullar\u0131 Par\u00e7a listesinizi ve adetlerinizi kontrol ettikten sonra sipari\u015f formu \u00fczerinden listenizi bize ula\u015ft\u0131rabilirsiniz. Temsilcimiz, teklifimizi en k\u0131sa s\u00fcrede size ula\u015ft\u0131racakt\u0131r. Garanti Ko\u015fullar\u0131 Delkom fabrikalar\u0131nda \u00fcretilen t\u00fcm \u00fcr\u00fcnler Delkom A.\u015e. garantisi alt\u0131ndad\u0131r. Sat\u0131\u015f sonras\u0131 destek ve \u00fcr\u00fcn memnuniyet garantisi Delkom A.\u015e. taraf\u0131ndan sa\u011flanmaktad\u0131r. \u00dcr\u00fcnler, k\u0131r\u0131lmalara kar\u015f\u0131 [&hellip;]\" \/>\n<meta property=\"og:url\" content=\"https:\/\/delkomrockdrill.com\/tr\/request-a-quote\/\" \/>\n<meta property=\"og:site_name\" content=\"Delkom Kaya Delici Yedek Par\u00e7a\" \/>\n<meta property=\"article:modified_time\" content=\"2021-09-17T08:21:31+00:00\" \/>\n<meta property=\"og:image\" content=\"https:\/\/rockdrillspareparts.com\/tr-tr\/wp-content\/uploads\/sites\/13\/2021\/07\/delkom-logo.png\" \/>\n<meta name=\"twitter:card\" content=\"summary_large_image\" \/>\n<meta name=\"twitter:label1\" content=\"Tahmini okuma s\u00fcresi\" \/>\n\t<meta name=\"twitter:data1\" content=\"1 dakika\" \/>\n<script type=\"application\/ld+json\" class=\"yoast-schema-graph\">{\"@context\":\"https:\\\/\\\/schema.org\",\"@graph\":[{\"@type\":\"WebPage\",\"@id\":\"https:\\\/\\\/delkomrockdrill.com\\\/tr\\\/request-a-quote\\\/\",\"url\":\"https:\\\/\\\/delkomrockdrill.com\\\/tr\\\/request-a-quote\\\/\",\"name\":\"Teklif Talebi - Delkom Kaya Delici Yedek Par\u00e7a\",\"isPartOf\":{\"@id\":\"https:\\\/\\\/delkomrockdrill.com\\\/tr\\\/#website\"},\"primaryImageOfPage\":{\"@id\":\"https:\\\/\\\/delkomrockdrill.com\\\/tr\\\/request-a-quote\\\/#primaryimage\"},\"image\":{\"@id\":\"https:\\\/\\\/delkomrockdrill.com\\\/tr\\\/request-a-quote\\\/#primaryimage\"},\"thumbnailUrl\":\"https:\\\/\\\/rockdrillspareparts.com\\\/tr-tr\\\/wp-content\\\/uploads\\\/sites\\\/13\\\/2021\\\/07\\\/delkom-logo.png\",\"datePublished\":\"2021-07-28T08:03:58+00:00\",\"dateModified\":\"2021-09-17T08:21:31+00:00\",\"breadcrumb\":{\"@id\":\"https:\\\/\\\/delkomrockdrill.com\\\/tr\\\/request-a-quote\\\/#breadcrumb\"},\"inLanguage\":\"tr\",\"potentialAction\":[{\"@type\":\"ReadAction\",\"target\":[\"https:\\\/\\\/delkomrockdrill.com\\\/tr\\\/request-a-quote\\\/\"]}]},{\"@type\":\"ImageObject\",\"inLanguage\":\"tr\",\"@id\":\"https:\\\/\\\/delkomrockdrill.com\\\/tr\\\/request-a-quote\\\/#primaryimage\",\"url\":\"https:\\\/\\\/rockdrillspareparts.com\\\/tr-tr\\\/wp-content\\\/uploads\\\/sites\\\/13\\\/2021\\\/07\\\/delkom-logo.png\",\"contentUrl\":\"https:\\\/\\\/rockdrillspareparts.com\\\/tr-tr\\\/wp-content\\\/uploads\\\/sites\\\/13\\\/2021\\\/07\\\/delkom-logo.png\"},{\"@type\":\"BreadcrumbList\",\"@id\":\"https:\\\/\\\/delkomrockdrill.com\\\/tr\\\/request-a-quote\\\/#breadcrumb\",\"itemListElement\":[{\"@type\":\"ListItem\",\"position\":1,\"name\":\"Ana Sayfa\",\"item\":\"https:\\\/\\\/delkomrockdrill.com\\\/tr\\\/\"},{\"@type\":\"ListItem\",\"position\":2,\"name\":\"Teklif Talebi\"}]},{\"@type\":\"WebSite\",\"@id\":\"https:\\\/\\\/delkomrockdrill.com\\\/tr\\\/#website\",\"url\":\"https:\\\/\\\/delkomrockdrill.com\\\/tr\\\/\",\"name\":\"Delkom Kaya Delici Yedek Par\u00e7a\",\"description\":\"T\u00fcrkiyenin En Kaliteli Alternatif Kaya Delici Yedek Par\u00e7a \u00dcreticisi\",\"publisher\":{\"@id\":\"https:\\\/\\\/delkomrockdrill.com\\\/tr\\\/#organization\"},\"potentialAction\":[{\"@type\":\"SearchAction\",\"target\":{\"@type\":\"EntryPoint\",\"urlTemplate\":\"https:\\\/\\\/delkomrockdrill.com\\\/tr\\\/?s={search_term_string}\"},\"query-input\":{\"@type\":\"PropertyValueSpecification\",\"valueRequired\":true,\"valueName\":\"search_term_string\"}}],\"inLanguage\":\"tr\"},{\"@type\":\"Organization\",\"@id\":\"https:\\\/\\\/delkomrockdrill.com\\\/tr\\\/#organization\",\"name\":\"Delkom Rock Drill\",\"url\":\"https:\\\/\\\/delkomrockdrill.com\\\/tr\\\/\",\"logo\":{\"@type\":\"ImageObject\",\"inLanguage\":\"tr\",\"@id\":\"https:\\\/\\\/delkomrockdrill.com\\\/tr\\\/#\\\/schema\\\/logo\\\/image\\\/\",\"url\":\"https:\\\/\\\/delkomrockdrill.com\\\/tr\\\/wp-content\\\/uploads\\\/sites\\\/14\\\/2021\\\/06\\\/logo-white-1.png\",\"contentUrl\":\"https:\\\/\\\/delkomrockdrill.com\\\/tr\\\/wp-content\\\/uploads\\\/sites\\\/14\\\/2021\\\/06\\\/logo-white-1.png\",\"width\":300,\"height\":74,\"caption\":\"Delkom Rock Drill\"},\"image\":{\"@id\":\"https:\\\/\\\/delkomrockdrill.com\\\/tr\\\/#\\\/schema\\\/logo\\\/image\\\/\"}}]}<\/script>\n<!-- \/ Yoast SEO plugin. -->","yoast_head_json":{"title":"Teklif Talebi - Delkom Kaya Delici Yedek Par\u00e7a","robots":{"index":"noindex","follow":"follow"},"og_locale":"tr_TR","og_type":"article","og_title":"Teklif Talebi - Delkom Kaya Delici Yedek Par\u00e7a","og_description":"Uzay \u00c7a\u011f\u0131 Cd. No:70, 06374 Ostim OSB Yenimahalle\/ANKARA\/T\u00dcRK\u0130YE Sipari\u015f Ko\u015fullar\u0131 Par\u00e7a listesinizi ve adetlerinizi kontrol ettikten sonra sipari\u015f formu \u00fczerinden listenizi bize ula\u015ft\u0131rabilirsiniz. Temsilcimiz, teklifimizi en k\u0131sa s\u00fcrede size ula\u015ft\u0131racakt\u0131r. Garanti Ko\u015fullar\u0131 Delkom fabrikalar\u0131nda \u00fcretilen t\u00fcm \u00fcr\u00fcnler Delkom A.\u015e. garantisi alt\u0131ndad\u0131r. Sat\u0131\u015f sonras\u0131 destek ve \u00fcr\u00fcn memnuniyet garantisi Delkom A.\u015e. taraf\u0131ndan sa\u011flanmaktad\u0131r. \u00dcr\u00fcnler, k\u0131r\u0131lmalara kar\u015f\u0131 [&hellip;]","og_url":"https:\/\/delkomrockdrill.com\/tr\/request-a-quote\/","og_site_name":"Delkom Kaya Delici Yedek Par\u00e7a","article_modified_time":"2021-09-17T08:21:31+00:00","og_image":[{"url":"https:\/\/rockdrillspareparts.com\/tr-tr\/wp-content\/uploads\/sites\/13\/2021\/07\/delkom-logo.png","type":"","width":"","height":""}],"twitter_card":"summary_large_image","twitter_misc":{"Tahmini okuma s\u00fcresi":"1 dakika"},"schema":{"@context":"https:\/\/schema.org","@graph":[{"@type":"WebPage","@id":"https:\/\/delkomrockdrill.com\/tr\/request-a-quote\/","url":"https:\/\/delkomrockdrill.com\/tr\/request-a-quote\/","name":"Teklif Talebi - Delkom Kaya Delici Yedek Par\u00e7a","isPartOf":{"@id":"https:\/\/delkomrockdrill.com\/tr\/#website"},"primaryImageOfPage":{"@id":"https:\/\/delkomrockdrill.com\/tr\/request-a-quote\/#primaryimage"},"image":{"@id":"https:\/\/delkomrockdrill.com\/tr\/request-a-quote\/#primaryimage"},"thumbnailUrl":"https:\/\/rockdrillspareparts.com\/tr-tr\/wp-content\/uploads\/sites\/13\/2021\/07\/delkom-logo.png","datePublished":"2021-07-28T08:03:58+00:00","dateModified":"2021-09-17T08:21:31+00:00","breadcrumb":{"@id":"https:\/\/delkomrockdrill.com\/tr\/request-a-quote\/#breadcrumb"},"inLanguage":"tr","potentialAction":[{"@type":"ReadAction","target":["https:\/\/delkomrockdrill.com\/tr\/request-a-quote\/"]}]},{"@type":"ImageObject","inLanguage":"tr","@id":"https:\/\/delkomrockdrill.com\/tr\/request-a-quote\/#primaryimage","url":"https:\/\/rockdrillspareparts.com\/tr-tr\/wp-content\/uploads\/sites\/13\/2021\/07\/delkom-logo.png","contentUrl":"https:\/\/rockdrillspareparts.com\/tr-tr\/wp-content\/uploads\/sites\/13\/2021\/07\/delkom-logo.png"},{"@type":"BreadcrumbList","@id":"https:\/\/delkomrockdrill.com\/tr\/request-a-quote\/#breadcrumb","itemListElement":[{"@type":"ListItem","position":1,"name":"Ana Sayfa","item":"https:\/\/delkomrockdrill.com\/tr\/"},{"@type":"ListItem","position":2,"name":"Teklif Talebi"}]},{"@type":"WebSite","@id":"https:\/\/delkomrockdrill.com\/tr\/#website","url":"https:\/\/delkomrockdrill.com\/tr\/","name":"Delkom Kaya Delici Yedek Par\u00e7a","description":"T\u00fcrkiyenin En Kaliteli Alternatif Kaya Delici Yedek Par\u00e7a \u00dcreticisi","publisher":{"@id":"https:\/\/delkomrockdrill.com\/tr\/#organization"},"potentialAction":[{"@type":"SearchAction","target":{"@type":"EntryPoint","urlTemplate":"https:\/\/delkomrockdrill.com\/tr\/?s={search_term_string}"},"query-input":{"@type":"PropertyValueSpecification","valueRequired":true,"valueName":"search_term_string"}}],"inLanguage":"tr"},{"@type":"Organization","@id":"https:\/\/delkomrockdrill.com\/tr\/#organization","name":"Delkom Rock Drill","url":"https:\/\/delkomrockdrill.com\/tr\/","logo":{"@type":"ImageObject","inLanguage":"tr","@id":"https:\/\/delkomrockdrill.com\/tr\/#\/schema\/logo\/image\/","url":"https:\/\/delkomrockdrill.com\/tr\/wp-content\/uploads\/sites\/14\/2021\/06\/logo-white-1.png","contentUrl":"https:\/\/delkomrockdrill.com\/tr\/wp-content\/uploads\/sites\/14\/2021\/06\/logo-white-1.png","width":300,"height":74,"caption":"Delkom Rock Drill"},"image":{"@id":"https:\/\/delkomrockdrill.com\/tr\/#\/schema\/logo\/image\/"}}]}},"acf":[],"_links":{"self":[{"href":"https:\/\/delkomrockdrill.com\/tr\/wp-json\/wp\/v2\/pages\/36431","targetHints":{"allow":["GET"]}}],"collection":[{"href":"https:\/\/delkomrockdrill.com\/tr\/wp-json\/wp\/v2\/pages"}],"about":[{"href":"https:\/\/delkomrockdrill.com\/tr\/wp-json\/wp\/v2\/types\/page"}],"author":[{"embeddable":true,"href":"https:\/\/delkomrockdrill.com\/tr\/wp-json\/wp\/v2\/users\/1"}],"replies":[{"embeddable":true,"href":"https:\/\/delkomrockdrill.com\/tr\/wp-json\/wp\/v2\/comments?post=36431"}],"version-history":[{"count":0,"href":"https:\/\/delkomrockdrill.com\/tr\/wp-json\/wp\/v2\/pages\/36431\/revisions"}],"wp:attachment":[{"href":"https:\/\/delkomrockdrill.com\/tr\/wp-json\/wp\/v2\/media?parent=36431"}],"curies":[{"name":"wp","href":"https:\/\/api.w.org\/{rel}","templated":true}]}}